{"id":3343,"date":"2015-05-01T07:20:45","date_gmt":"2015-05-01T05:20:45","guid":{"rendered":"https:\/\/wolkenhart.com\/webdesignblog\/?page_id=3343"},"modified":"2017-10-02T14:37:10","modified_gmt":"2017-10-02T12:37:10","slug":"sitemap","status":"publish","type":"page","link":"https:\/\/wolkenhart.com\/webdesignblog\/sitemap","title":{"rendered":"Webtalk Sitemap"},"content":{"rendered":"<div id=\"simple-sitemap-container-69ff0a3f22306\" class=\"simple-sitemap-container simple-sitemap-container-69ff0a3f22306 tab-disabled\"><div class=\"simple-sitemap-wrap\"><h3 class=\"post-type\">Beitr\u00e4ge<\/h3><ul class=\"simple-sitemap-post main\"><li class=\"sitemap-item\"><a href=\"https:\/\/wolkenhart.com\/webdesignblog\/10-inspirierende-beispiele-fuer-webdesign-im-retro-style\">10 inspirierende Beispiele f\u00fcr Webdesign im Retro Style<\/a><\/li><li class=\"sitemap-item\"><a href=\"https:\/\/wolkenhart.com\/webdesignblog\/25-free-fonts-fuer-kreative-webdesigner\">25 Free Fonts f\u00fcr Kreative Webdesigner<\/a><\/li><li class=\"sitemap-item\"><a href=\"https:\/\/wolkenhart.com\/webdesignblog\/25-jahre-world-wide-web\">25 Jahre World Wide Web<\/a><\/li><li class=\"sitemap-item\"><a href=\"https:\/\/wolkenhart.com\/webdesignblog\/aspekte-einer-gewinnenden-internetseite\">3 Aspekte einer gewinnenden Internetseite<\/a><\/li><li class=\"sitemap-item\"><a href=\"https:\/\/wolkenhart.com\/webdesignblog\/responsive-webdesign-beispiele\">30 Responsive Webdesign Beispiele<\/a><\/li><li class=\"sitemap-item\"><a href=\"https:\/\/wolkenhart.com\/webdesignblog\/mobiles-internet-deutschland\">34 Millionen Nutzer des mobilen Internets in Deutschland<\/a><\/li><li class=\"sitemap-item\"><a href=\"https:\/\/wolkenhart.com\/webdesignblog\/35-tipps-und-tricks-damit-deine-webseiteshop-etc-mehr-umsatz-macht\">35 Tipps und Tricks, damit deine Webseite\/Shop etc. mehr Umsatz macht<\/a><\/li><li class=\"sitemap-item\"><a href=\"https:\/\/wolkenhart.com\/webdesignblog\/alte-blog-artikel\">Alte Blog &#8211; Artikel, was soll man machen?<\/a><\/li><li class=\"sitemap-item\"><a href=\"https:\/\/wolkenhart.com\/webdesignblog\/anatomie-eines-furchtbaren-webdesign-kunden-aus-der-hoelle-infografik\">Anatomie eines furchtbaren Webdesign Kunden aus der H\u00f6lle (Infografik)<\/a><\/li><li class=\"sitemap-item\"><a href=\"https:\/\/wolkenhart.com\/webdesignblog\/ausgezeichnete-kommentare-des-jahres-2013\">Ausgezeichnete Kommentare des Jahres 2013<\/a><\/li><li class=\"sitemap-item\"><a href=\"https:\/\/wolkenhart.com\/webdesignblog\/bootstrap-3-0\">Bootstrap 3.0<\/a><\/li><li class=\"sitemap-item\"><a href=\"https:\/\/wolkenhart.com\/webdesignblog\/compressor-io\">Compressor.io \u2013 Einfach nur genial<\/a><\/li><li class=\"sitemap-item\"><a href=\"https:\/\/wolkenhart.com\/webdesignblog\/das-fruehe-world-wide-web\">Das fr\u00fche World Wide Web<\/a><\/li><li class=\"sitemap-item\"><a href=\"https:\/\/wolkenhart.com\/webdesignblog\/neu-bei-wordpress-3-6-oscar\">Das ist neu bei WordPress 3.6 &#8222;Oscar&#8220;<\/a><\/li><li class=\"sitemap-item\"><a href=\"https:\/\/wolkenhart.com\/webdesignblog\/das-webdesign-schreibt-geschichte-herzlichen-glueckwunsch-berlin\">Das Webdesign schreibt Geschichte &#8211; Herzlichen Gl\u00fcckwunsch, Berlin!<\/a><\/li><li class=\"sitemap-item\"><a href=\"https:\/\/wolkenhart.com\/webdesignblog\/webdesign-farbe-grau\">Das Webdesign und die Farbe Grau<\/a><\/li><li class=\"sitemap-item\"><a href=\"https:\/\/wolkenhart.com\/webdesignblog\/deutsche-onlinehandel\">Der deutsche Onlinehandel und seine WM-Momente<\/a><\/li><li class=\"sitemap-item\"><a href=\"https:\/\/wolkenhart.com\/webdesignblog\/der-eigene-corporate-blog\">Der eigene Corporate Blog<\/a><\/li><li class=\"sitemap-item\"><a href=\"https:\/\/wolkenhart.com\/webdesignblog\/perfekte-landingpage\">Der einfach Weg zur perfekten Landingpage<\/a><\/li><li class=\"sitemap-item\"><a href=\"https:\/\/wolkenhart.com\/webdesignblog\/goldener-schnitt-webdesign\">Der Goldene Schnitt und Webdesign<\/a><\/li><li class=\"sitemap-item\"><a href=\"https:\/\/wolkenhart.com\/webdesignblog\/besten-internetseiten\">Die 20 erfolgreichsten und besten Internetseiten im World Wide Web<\/a><\/li><li class=\"sitemap-item\"><a href=\"https:\/\/wolkenhart.com\/webdesignblog\/effektive-homepage\">Die effektive Homepage und ihre Anatomie (Infografik)<\/a><\/li><li class=\"sitemap-item\"><a href=\"https:\/\/wolkenhart.com\/webdesignblog\/erste-website\">Die erste Website<\/a><\/li><li class=\"sitemap-item\"><a href=\"https:\/\/wolkenhart.com\/webdesignblog\/geschichte-des-webdesigns\">Die Geschichte des Webdesigns<\/a><\/li><li class=\"sitemap-item\"><a href=\"https:\/\/wolkenhart.com\/webdesignblog\/kurzweilige-geschichte-der-webstandards\">Die kurzweilige Geschichte der Webstandards<\/a><\/li><li class=\"sitemap-item\"><a href=\"https:\/\/wolkenhart.com\/webdesignblog\/die-perfekte-landing-page\">Die perfekte Landing Page<\/a><\/li><li class=\"sitemap-item\"><a href=\"https:\/\/wolkenhart.com\/webdesignblog\/ranking-faktoren-2013-google\">Die Ranking-Faktoren 2013 f\u00fcr Google Deutschland von Searchmetrics<\/a><\/li><li class=\"sitemap-item\"><a href=\"https:\/\/wolkenhart.com\/webdesignblog\/homepage-fuer-unternehmen\">Die richtige Homepage f\u00fcr Dein Unternehmen<\/a><\/li><li class=\"sitemap-item\"><a href=\"https:\/\/wolkenhart.com\/webdesignblog\/kundentypen-verhalten-im-designer-alltag\">Die verschiedenen Kundentypen und ihr Verhalten im Designer-Alltag<\/a><\/li><li class=\"sitemap-item\"><a href=\"https:\/\/wolkenhart.com\/webdesignblog\/wordpress-geschichte\">Die WordPress Geschichte<\/a><\/li><li class=\"sitemap-item\"><a href=\"https:\/\/wolkenhart.com\/webdesignblog\/zukunft-wordpress-ki-kuenstliche-intelligenz\">Die Zukunft von WordPress mit KI (K\u00fcnstliche Intelligenz)<\/a><\/li><li class=\"sitemap-item\"><a href=\"https:\/\/wolkenhart.com\/webdesignblog\/dribbble-das-kreative-social-network\">Dribbble das kreative Social Network<\/a><\/li><li class=\"sitemap-item\"><a href=\"https:\/\/wolkenhart.com\/webdesignblog\/ecommerce-checkout-konsumentenpsychologie\">eCommerce Checkout Konsumentenpsychologie (Infografik)<\/a><\/li><li class=\"sitemap-item\"><a href=\"https:\/\/wolkenhart.com\/webdesignblog\/google-faktoren-fuer-gutes-ranking\">Ein schneller \u00dcberblick \u00fcber Google Faktoren f\u00fcr richtig gutes Ranking<\/a><\/li><li class=\"sitemap-item\"><a href=\"https:\/\/wolkenhart.com\/webdesignblog\/website-planen-gestalten-optimieren\">Eine Website richtig Planen, Gestalten und Optimieren<\/a><\/li><li class=\"sitemap-item\"><a href=\"https:\/\/wolkenhart.com\/webdesignblog\/emotionales-webdesign\">Emotionales Webdesign<\/a><\/li><li class=\"sitemap-item\"><a href=\"https:\/\/wolkenhart.com\/webdesignblog\/empathisches-webdesign\">Empathisches Webdesign<\/a><\/li><li class=\"sitemap-item\"><a href=\"https:\/\/wolkenhart.com\/webdesignblog\/erfolgreiche-firmenwebsite\">Erfolgreiche Firmenwebsite 10 Ziele<\/a><\/li><li class=\"sitemap-item\"><a href=\"https:\/\/wolkenhart.com\/webdesignblog\/erfolgreiches-webdesign-infografik\">Erfolgreiches Webdesign und seine Anatomie (Infografik)<\/a><\/li><li class=\"sitemap-item\"><a href=\"https:\/\/wolkenhart.com\/webdesignblog\/f-pattern\">F-Pattern: Wie du Anwender durch deine Webseiten leiten kannst<\/a><\/li><li class=\"sitemap-item\"><a href=\"https:\/\/wolkenhart.com\/webdesignblog\/faktoren-guter-internetauftritte\">Faktoren guter Internetauftritte<\/a><\/li><li class=\"sitemap-item\"><a href=\"https:\/\/wolkenhart.com\/webdesignblog\/fehler-erstellung-unternehmenswebsite\">Fehler bei der Erstellung einer Unternehmenswebsite<\/a><\/li><li class=\"sitemap-item\"><a href=\"https:\/\/wolkenhart.com\/webdesignblog\/freebbble\">Freebbble &#8211; \u00dcbersicht der besten Dribbble-Ressourcen<\/a><\/li><li class=\"sitemap-item\"><a href=\"https:\/\/wolkenhart.com\/webdesignblog\/freepik\">Freepik: Frei verf\u00fcgbare Design-Ressourcen Meta-Suchmaschine<\/a><\/li><li class=\"sitemap-item\"><a href=\"https:\/\/wolkenhart.com\/webdesignblog\/fuer-welche-websites-ist-wordpress-geeignet\">F\u00fcr welche Arten von Websites ist WordPress geeignet?<\/a><\/li><li class=\"sitemap-item\"><a href=\"https:\/\/wolkenhart.com\/webdesignblog\/fussball-homepage\">Fussball Homepage: Bremen ist Meister, Dortmund steigt ab<\/a><\/li><li class=\"sitemap-item\"><a href=\"https:\/\/wolkenhart.com\/webdesignblog\/fussball-wm-online-shopping\">Fu\u00dfball-WM und Online-Shopping (Infografik)<\/a><\/li><li class=\"sitemap-item\"><a href=\"https:\/\/wolkenhart.com\/webdesignblog\/google-befehle\">Google Suchmaschine optimal nutzen \u2013 Google Befehle<\/a><\/li><li class=\"sitemap-item\"><a href=\"https:\/\/wolkenhart.com\/webdesignblog\/google-web-designer\">Google Web Designer<\/a><\/li><li class=\"sitemap-item\"><a href=\"https:\/\/wolkenhart.com\/webdesignblog\/hover-css-bounce-js\">Hover.css &#038; Bounce.js<\/a><\/li><li class=\"sitemap-item\"><a href=\"https:\/\/wolkenhart.com\/webdesignblog\/hybrides-webdesign\">Hybrides Webdesign \u2013 Menschen und KI<\/a><\/li><li class=\"sitemap-item\"><a href=\"https:\/\/wolkenhart.com\/webdesignblog\/innovative-webseiten\">Innovative Webseiten zukunftssicher umsetzten<\/a><\/li><li class=\"sitemap-item\"><a href=\"https:\/\/wolkenhart.com\/webdesignblog\/kreativitaet-komplexer-problemloesungsablauf\">Kreativit\u00e4t als komplexer Probleml\u00f6sungsablauf<\/a><\/li><li class=\"sitemap-item\"><a href=\"https:\/\/wolkenhart.com\/webdesignblog\/magento-shopify-vergleich\">Magento und Shopify im Vergleich<\/a><\/li><li class=\"sitemap-item\"><a href=\"https:\/\/wolkenhart.com\/webdesignblog\/microsoft-erste-website\">Microsoft erste Website<\/a><\/li><li class=\"sitemap-item\"><a href=\"https:\/\/wolkenhart.com\/webdesignblog\/one-pagern-conversions\">Mit One-Pagern die Conversions steigern<\/a><\/li><li class=\"sitemap-item\"><a href=\"https:\/\/wolkenhart.com\/webdesignblog\/neue-webseite\">Neue Webseite &#8211; Checkliste<\/a><\/li><li class=\"sitemap-item\"><a href=\"https:\/\/wolkenhart.com\/webdesignblog\/parallax-scrolling\">Parallax Scrolling<\/a><\/li><li class=\"sitemap-item\"><a href=\"https:\/\/wolkenhart.com\/webdesignblog\/platzierung-eines-corporate-blogs\">Platzierung eines Corporate Blogs<\/a><\/li><li class=\"sitemap-item\"><a href=\"https:\/\/wolkenhart.com\/webdesignblog\/psddd\">PSDDD: Eine Sammlung der besten Dribbble-Freebies<\/a><\/li><li class=\"sitemap-item\"><a href=\"https:\/\/wolkenhart.com\/webdesignblog\/responsive-design\">Responsive Design f\u00fcr WordPress: 25 top Gratis-Themes<\/a><\/li><li class=\"sitemap-item\"><a href=\"https:\/\/wolkenhart.com\/webdesignblog\/responsive-design-seo-fallen\">Responsive Design und die SEO-Fallen<\/a><\/li><li class=\"sitemap-item\"><a href=\"https:\/\/wolkenhart.com\/webdesignblog\/responsive-design-woche\">Responsive Design Woche<\/a><\/li><li class=\"sitemap-item\"><a href=\"https:\/\/wolkenhart.com\/webdesignblog\/responsive-framework\">Responsive Framework Top 6<\/a><\/li><li class=\"sitemap-item\"><a href=\"https:\/\/wolkenhart.com\/webdesignblog\/responsive-images\">Responsive Images: Fallstudie liefert wichtige Hinweise zum Thema Performance<\/a><\/li><li class=\"sitemap-item\"><a href=\"https:\/\/wolkenhart.com\/webdesignblog\/responsive-webdesign\">Responsive Webdesign &#8211; So \u00fcberzeugst du deine Kunden<\/a><\/li><li class=\"sitemap-item\"><a href=\"https:\/\/wolkenhart.com\/webdesignblog\/responsive-webdesign-hype-oder-hoffnung\">Responsive Webdesign \u2013 Hype oder Hoffnung?<\/a><\/li><li class=\"sitemap-item\"><a href=\"https:\/\/wolkenhart.com\/webdesignblog\/richtiges-webdesign\">Richtiges Webdesign<\/a><\/li><li class=\"sitemap-item\"><a href=\"https:\/\/wolkenhart.com\/webdesignblog\/schnellere-internetseiten-mit-verbessertem-css-code\">Schnellere Internetseiten mit verbessertem CSS-Code<\/a><\/li><li class=\"sitemap-item\"><a href=\"https:\/\/wolkenhart.com\/webdesignblog\/snap-svg\">Snap.svg: jQuery f\u00fcr animierte und interaktive Vektorgrafiken<\/a><\/li><li class=\"sitemap-item\"><a href=\"https:\/\/wolkenhart.com\/webdesignblog\/umfang-website\">So ermittelst du den Umfang einer oder deiner Website<\/a><\/li><li class=\"sitemap-item\"><a href=\"https:\/\/wolkenhart.com\/webdesignblog\/the-million-dollar-homepage\">The Million Dollar Homepage<\/a><\/li><li class=\"sitemap-item\"><a href=\"https:\/\/wolkenhart.com\/webdesignblog\/tim-berners-lee\">Tim Berners-Lee Erfinder des World Wide Web<\/a><\/li><li class=\"sitemap-item\"><a href=\"https:\/\/wolkenhart.com\/webdesignblog\/top-10-monitoraufloesungen-2014\">Top 10 Monitoraufl\u00f6sungen 2014<\/a><\/li><li class=\"sitemap-item\"><a href=\"https:\/\/wolkenhart.com\/webdesignblog\/ueberzeugendes-webdesign\">\u00dcberzeugendes Webdesign und wie du es f\u00fcr deine Webseite nutzen kannst<\/a><\/li><li class=\"sitemap-item\"><a href=\"https:\/\/wolkenhart.com\/webdesignblog\/warum-wordpress\">Warum WordPress?<\/a><\/li><li class=\"sitemap-item\"><a href=\"https:\/\/wolkenhart.com\/webdesignblog\/was-du-ueber-webdesigner-wissen-solltest-infografik\">Was du \u00fcber Webdesigner wissen solltest (Infografik)<\/a><\/li><li class=\"sitemap-item\"><a href=\"https:\/\/wolkenhart.com\/webdesignblog\/was-ist-html5\">Was ist HTML5?<\/a><\/li><li class=\"sitemap-item\"><a href=\"https:\/\/wolkenhart.com\/webdesignblog\/web-usability\">Web Usability \u2013 Die Umsetzung von benutzerfreundlichen Internetseiten<\/a><\/li><li class=\"sitemap-item\"><a href=\"https:\/\/wolkenhart.com\/webdesignblog\/webdesign-dies-und-das\">Webdesign dies und das<\/a><\/li><li class=\"sitemap-item\"><a href=\"https:\/\/wolkenhart.com\/webdesignblog\/webdesign-japan\">Webdesign in Japan<\/a><\/li><li class=\"sitemap-item\"><a href=\"https:\/\/wolkenhart.com\/webdesignblog\/webdesigner-werden\">Webdesigner werden<\/a><\/li><li class=\"sitemap-item\"><a href=\"https:\/\/wolkenhart.com\/webdesignblog\/webdesigner-wordpress\">Webdesigner WordPress<\/a><\/li><li class=\"sitemap-item\"><a href=\"https:\/\/wolkenhart.com\/webdesignblog\/webfont-dienste\">Webfont-Dienste im Test<\/a><\/li><li class=\"sitemap-item\"><a href=\"https:\/\/wolkenhart.com\/webdesignblog\/website-mit-wordpress\">Website mit WordPress<\/a><\/li><li class=\"sitemap-item\"><a href=\"https:\/\/wolkenhart.com\/webdesignblog\/website-relaunch\">Website Relaunch 10 Tipps<\/a><\/li><li class=\"sitemap-item\"><a href=\"https:\/\/wolkenhart.com\/webdesignblog\/websites-profi-preise\">Websites vom Profi und die Preise<\/a><\/li><li class=\"sitemap-item\"><a href=\"https:\/\/wolkenhart.com\/webdesignblog\/webtalk-blog-feiert-1-jaehriges\">Webtalk Blog feiert 1-J\u00e4hriges<\/a><\/li><li class=\"sitemap-item\"><a href=\"https:\/\/wolkenhart.com\/webdesignblog\/welche-aufgaben-hat-eine-wordpress-agentur\">Welche Aufgaben hat eine WordPress Agentur<\/a><\/li><li class=\"sitemap-item\"><a href=\"https:\/\/wolkenhart.com\/webdesignblog\/laengste-domain-der-welt\">Weltrekord: Die l\u00e4ngste Domain der Welt<\/a><\/li><li class=\"sitemap-item\"><a href=\"https:\/\/wolkenhart.com\/webdesignblog\/gastautor\">Werde Gastautor auf Webtalk<\/a><\/li><li class=\"sitemap-item\"><a href=\"https:\/\/wolkenhart.com\/webdesignblog\/wie-man-seine-wordpress-site-am-besten-sichert-mit-infografik\">Wie man seine WordPress-Site am besten sichert mit Infografik<\/a><\/li><li class=\"sitemap-item\"><a href=\"https:\/\/wolkenhart.com\/webdesignblog\/wie-sieht-die-zukunft-des-webdesigns-aus\">Wie sieht die Zukunft des Webdesigns aus?<\/a><\/li><li class=\"sitemap-item\"><a href=\"https:\/\/wolkenhart.com\/webdesignblog\/woocommerce-german-market\">WooCommerce German Market<\/a><\/li><li class=\"sitemap-item\"><a href=\"https:\/\/wolkenhart.com\/webdesignblog\/wordpress-3-8\">WordPress 3.8: Das sind die Funktionen der neuen CMS-Version<\/a><\/li><li class=\"sitemap-item\"><a href=\"https:\/\/wolkenhart.com\/webdesignblog\/wordpress-fuer-einsteiger\">WordPress f\u00fcr Einsteiger<\/a><\/li><li class=\"sitemap-item\"><a href=\"https:\/\/wolkenhart.com\/webdesignblog\/wordpress-und-ki-kuenstliche-intelligenz\">WordPress und KI (K\u00fcnstliche Intelligenz)<\/a><\/li><li class=\"sitemap-item\"><a href=\"https:\/\/wolkenhart.com\/webdesignblog\/world-wide-web\">World Wide Web<\/a><\/li><li class=\"sitemap-item\"><a href=\"https:\/\/wolkenhart.com\/webdesignblog\/z-pattern\">Z-Pattern verstehen: Des Webdesigns Psychologie<\/a><\/li><\/ul><\/div><div class=\"simple-sitemap-wrap\"><h3 class=\"post-type\">Seiten<\/h3><ul class=\"simple-sitemap-page main\"><li class=\"sitemap-item page_item page-item-253\"><a href=\"https:\/\/wolkenhart.com\/webdesignblog\/datenschutz\">Datenschutz<\/a><\/li>\n<li class=\"sitemap-item page_item page-item-16\"><a href=\"https:\/\/wolkenhart.com\/webdesignblog\/impressum\">Impressum<\/a><\/li>\n<li class=\"sitemap-item page_item page-item-7\"><a href=\"https:\/\/wolkenhart.com\/webdesignblog\/home\">Webdesign Blog<\/a><\/li>\n<li class=\"sitemap-item page_item page-item-2754\"><a href=\"https:\/\/wolkenhart.com\/webdesignblog\/\">Webdesign Blog | Wolkenhart\u00ae<\/a><\/li>\n<li class=\"sitemap-item page_item page-item-1281\"><a href=\"https:\/\/wolkenhart.com\/webdesignblog\/webdesign-inspiration\">Webdesign Inspiration<\/a><\/li>\n<li class=\"sitemap-item page_item page-item-3343\"><a href=\"https:\/\/wolkenhart.com\/webdesignblog\/sitemap\">Webtalk Sitemap<\/a><\/li>\n<\/ul><\/div><\/div><br style=\"clear: both;\">\n","protected":false},"excerpt":{"rendered":"Ein grundlegendes Konzept bei dem Aufbau von Layouts hei\u00dft Z-Pattern. Hier erkl\u00e4re ich dir, wof\u00fcr man dieses Muster braucht und was du bei der Realisierung beachten musst. Z-Pattern verstehen Im Bereich des Webdesigns sind bestimmte psychologische Grundlagen entscheidend. Sie gelten als wichtige Erfolgsfaktoren f\u00fcr gute Designs. Betrachtungsmuster sind dabei sehr wichtig und sollten bei der Gestaltung von Webseiten ber\u00fccksichtigt werden. Neben dem F-Pattern ist das Z-Pattern eines dieser bekannten Muster. Die Basis des Z-Patterns ist schnell gezeigt: Man nimmt an, dass das Auge beim schnellen \u00dcberfliegen einer Internetseite einem bestimmten Muster, dem sogenannten Z-Muster, folgt. Es beginnt also links, bewegt sich auf der horizontalen Achse nach rechts und wandert dann diagonal nach links unten. Zum Schluss wandert es wieder horizontal nach rechts. So erhalten ihre Seiten-Besucher eine schnelle Zusammenfassung \u00fcber das Webprojekt. Entwickler k\u00f6nnen sich diesen Effekt zu Nutze machen und wichtige Informationen oder Elemente an den erw\u00e4hnten Punkten platzieren. Als Orientierungshilfe kann auch das ber\u00fchmte AIDA-Modell verwendet werden: Attention, Interest, Desire, Action. Das Z-Pattern kann also mit diesem bekannten Marketing-Modell sehr gut kombiniert werden. Denkbar, und vor allem praxisnah f\u00fcr die Verwendung des Z- Muster, ist die Platzierung eines Logos auf Position 1 und die Suchfunktion auf Position 2. Der dritte oder vierte Punkt k\u00f6nnen Werbung oder Call-To-Action-Elemente sein. Z-Pattern In der Mitte der Webseite, also auf der Diagonalen zwischen dem zweiten und dritten Punkt, kann man Inhalte mit vielen Bildern platzieren, um auf diese Weise eine h\u00f6here Aufmerksamkeit bei der fl\u00fcchtigen Augenbewegung zu erreichen. Eine kurze Zusammenfassung der [...]","protected":false},"author":1,"featured_media":0,"parent":0,"menu_order":0,"comment_status":"closed","ping_status":"closed","template":"","meta":{"footnotes":""},"class_list":["post-3343","page","type-page","status-publish","hentry"],"yoast_head":"<!-- This site is optimized with the Yoast SEO plugin v27.2 - https:\/\/yoast.com\/product\/yoast-seo-wordpress\/ -->\n<title>Webtalk Sitemap<\/title>\n<meta name=\"description\" content=\"Sitemap unseres Webdesign Blogs. Sehe auf einen Blick welche interessante Artikel und Seiten es zu lesen und erkunden gibt, viel Spa\u00df dabei.\" \/>\n<meta name=\"robots\" content=\"index, follow, max-snippet:-1, max-image-preview:large, max-video-preview:-1\" \/>\n<link rel=\"canonical\" href=\"https:\/\/wolkenhart.com\/webdesignblog\/sitemap\" \/>\n<meta property=\"og:locale\" content=\"de_DE\" \/>\n<meta property=\"og:type\" content=\"article\" \/>\n<meta property=\"og:title\" content=\"Webtalk Sitemap\" \/>\n<meta property=\"og:description\" content=\"Sitemap unseres Webdesign Blogs. Sehe auf einen Blick welche interessante Artikel und Seiten es zu lesen und erkunden gibt, viel Spa\u00df dabei.\" \/>\n<meta property=\"og:url\" content=\"https:\/\/wolkenhart.com\/webdesignblog\/sitemap\" \/>\n<meta property=\"article:publisher\" content=\"https:\/\/www.facebook.com\/wolkenhart\" \/>\n<meta property=\"article:modified_time\" content=\"2017-10-02T12:37:10+00:00\" \/>\n<meta name=\"twitter:card\" content=\"summary_large_image\" \/>\n<meta name=\"twitter:site\" content=\"@wolkenhart\" \/>\n<script type=\"application\/ld+json\" class=\"yoast-schema-graph\">{\"@context\":\"https:\/\/schema.org\",\"@graph\":[{\"@type\":\"WebPage\",\"@id\":\"https:\/\/wolkenhart.com\/webdesignblog\/sitemap\",\"url\":\"https:\/\/wolkenhart.com\/webdesignblog\/sitemap\",\"name\":\"Webtalk Sitemap\",\"isPartOf\":{\"@id\":\"https:\/\/wolkenhart.com\/webdesignblog\/#website\"},\"datePublished\":\"2015-05-01T05:20:45+00:00\",\"dateModified\":\"2017-10-02T12:37:10+00:00\",\"description\":\"Sitemap unseres Webdesign Blogs. Sehe auf einen Blick welche interessante Artikel und Seiten es zu lesen und erkunden gibt, viel Spa\u00df dabei.\",\"breadcrumb\":{\"@id\":\"https:\/\/wolkenhart.com\/webdesignblog\/sitemap#breadcrumb\"},\"inLanguage\":\"de\",\"potentialAction\":[{\"@type\":\"ReadAction\",\"target\":[\"https:\/\/wolkenhart.com\/webdesignblog\/sitemap\"]}]},{\"@type\":\"BreadcrumbList\",\"@id\":\"https:\/\/wolkenhart.com\/webdesignblog\/sitemap#breadcrumb\",\"itemListElement\":[{\"@type\":\"ListItem\",\"position\":1,\"name\":\"Start\",\"item\":\"https:\/\/wolkenhart.com\/webdesignblog\/\"},{\"@type\":\"ListItem\",\"position\":2,\"name\":\"Webtalk Sitemap\"}]},{\"@type\":\"WebSite\",\"@id\":\"https:\/\/wolkenhart.com\/webdesignblog\/#website\",\"url\":\"https:\/\/wolkenhart.com\/webdesignblog\/\",\"name\":\"\",\"description\":\"\",\"potentialAction\":[{\"@type\":\"SearchAction\",\"target\":{\"@type\":\"EntryPoint\",\"urlTemplate\":\"https:\/\/wolkenhart.com\/webdesignblog\/?s={search_term_string}\"},\"query-input\":{\"@type\":\"PropertyValueSpecification\",\"valueRequired\":true,\"valueName\":\"search_term_string\"}}],\"inLanguage\":\"de\"}]}<\/script>\n<!-- \/ Yoast SEO plugin. -->","yoast_head_json":{"title":"Webtalk Sitemap","description":"Sitemap unseres Webdesign Blogs. Sehe auf einen Blick welche interessante Artikel und Seiten es zu lesen und erkunden gibt, viel Spa\u00df dabei.","robots":{"index":"index","follow":"follow","max-snippet":"max-snippet:-1","max-image-preview":"max-image-preview:large","max-video-preview":"max-video-preview:-1"},"canonical":"https:\/\/wolkenhart.com\/webdesignblog\/sitemap","og_locale":"de_DE","og_type":"article","og_title":"Webtalk Sitemap","og_description":"Sitemap unseres Webdesign Blogs. Sehe auf einen Blick welche interessante Artikel und Seiten es zu lesen und erkunden gibt, viel Spa\u00df dabei.","og_url":"https:\/\/wolkenhart.com\/webdesignblog\/sitemap","article_publisher":"https:\/\/www.facebook.com\/wolkenhart","article_modified_time":"2017-10-02T12:37:10+00:00","twitter_card":"summary_large_image","twitter_site":"@wolkenhart","schema":{"@context":"https:\/\/schema.org","@graph":[{"@type":"WebPage","@id":"https:\/\/wolkenhart.com\/webdesignblog\/sitemap","url":"https:\/\/wolkenhart.com\/webdesignblog\/sitemap","name":"Webtalk Sitemap","isPartOf":{"@id":"https:\/\/wolkenhart.com\/webdesignblog\/#website"},"datePublished":"2015-05-01T05:20:45+00:00","dateModified":"2017-10-02T12:37:10+00:00","description":"Sitemap unseres Webdesign Blogs. Sehe auf einen Blick welche interessante Artikel und Seiten es zu lesen und erkunden gibt, viel Spa\u00df dabei.","breadcrumb":{"@id":"https:\/\/wolkenhart.com\/webdesignblog\/sitemap#breadcrumb"},"inLanguage":"de","potentialAction":[{"@type":"ReadAction","target":["https:\/\/wolkenhart.com\/webdesignblog\/sitemap"]}]},{"@type":"BreadcrumbList","@id":"https:\/\/wolkenhart.com\/webdesignblog\/sitemap#breadcrumb","itemListElement":[{"@type":"ListItem","position":1,"name":"Start","item":"https:\/\/wolkenhart.com\/webdesignblog\/"},{"@type":"ListItem","position":2,"name":"Webtalk Sitemap"}]},{"@type":"WebSite","@id":"https:\/\/wolkenhart.com\/webdesignblog\/#website","url":"https:\/\/wolkenhart.com\/webdesignblog\/","name":"","description":"","potentialAction":[{"@type":"SearchAction","target":{"@type":"EntryPoint","urlTemplate":"https:\/\/wolkenhart.com\/webdesignblog\/?s={search_term_string}"},"query-input":{"@type":"PropertyValueSpecification","valueRequired":true,"valueName":"search_term_string"}}],"inLanguage":"de"}]}},"_links":{"self":[{"href":"https:\/\/wolkenhart.com\/webdesignblog\/wp-json\/wp\/v2\/pages\/3343","targetHints":{"allow":["GET"]}}],"collection":[{"href":"https:\/\/wolkenhart.com\/webdesignblog\/wp-json\/wp\/v2\/pages"}],"about":[{"href":"https:\/\/wolkenhart.com\/webdesignblog\/wp-json\/wp\/v2\/types\/page"}],"author":[{"embeddable":true,"href":"https:\/\/wolkenhart.com\/webdesignblog\/wp-json\/wp\/v2\/users\/1"}],"replies":[{"embeddable":true,"href":"https:\/\/wolkenhart.com\/webdesignblog\/wp-json\/wp\/v2\/comments?post=3343"}],"version-history":[{"count":0,"href":"https:\/\/wolkenhart.com\/webdesignblog\/wp-json\/wp\/v2\/pages\/3343\/revisions"}],"wp:attachment":[{"href":"https:\/\/wolkenhart.com\/webdesignblog\/wp-json\/wp\/v2\/media?parent=3343"}],"curies":[{"name":"wp","href":"https:\/\/api.w.org\/{rel}","templated":true}]}}